{"id":145,"date":"2023-04-20T06:41:10","date_gmt":"2023-04-20T06:41:10","guid":{"rendered":"https:\/\/giks.valahia.ro\/?page_id=145"},"modified":"2025-06-29T07:47:37","modified_gmt":"2025-06-29T07:47:37","slug":"giks-2021","status":"publish","type":"page","link":"https:\/\/giks.valahia.ro\/index.php\/giks-2021\/","title":{"rendered":"Proceeding volume of GIKS 2021"},"content":{"rendered":"\n<p>Proceeding volume of Global interferences of knowledge society<br>November 12-13th, 2021, ISBN 978-606-9745-66-3<\/p>\n\n\n\n<p><\/p>\n\n\n\n<p><strong><a href=\"https:\/\/giks.valahia.ro\/wp-content\/uploads\/2023\/04\/giks-zven-2023-04-02-pag-001-007-coperta-si-cuprins.pdf\" target=\"_blank\" rel=\"noreferrer noopener\">Content<\/a><\/strong><\/p>\n\n\n\n<p><a href=\"https:\/\/giks.valahia.ro\/wp-content\/uploads\/2023\/04\/giks-zven-2023-04-02-pag-008-039-Julien-BAZILE.pdf\" target=\"_blank\" rel=\"noreferrer noopener\">Collaborer face au cygne noir: une strat\u00e9gie gagnante pour les entreprises ins\u00e9r\u00e9es dans les cha\u00eenes d\u2019approvisionnement mondiales?<\/a><br>Julien Bazile<\/p>\n\n\n\n<p><a href=\"https:\/\/giks.valahia.ro\/wp-content\/uploads\/2023\/04\/giks-zven-2023-04-02-pag-040-076-Honore-BIDIASSE-Yannick-BKWAYEP.pdf\" target=\"_blank\" rel=\"noreferrer noopener\">Financial Inclusion, ICT and Income Inequality in Africa<\/a><br>Honor\u00e9 Bidiasse, Yannick Bkwayep<\/p>\n\n\n\n<p><a href=\"https:\/\/giks.valahia.ro\/wp-content\/uploads\/2023\/04\/giks-zven-2023-04-02-pag-077-096-Iskra-CHRISTOVA-BALKANSKA.pdf\" target=\"_blank\" rel=\"noreferrer noopener\">Les tendances protectionnistes: les effets potentiels sur les \u00c9tats membres de l&#8217;Union europ\u00e9enne<\/a><br>Iskra Christova-Balkanska<\/p>\n\n\n\n<p><a href=\"https:\/\/giks.valahia.ro\/wp-content\/uploads\/2023\/04\/giks-zven-2023-04-02-pag-097-112-Djibril-DIOUF.pdf\" target=\"_blank\" rel=\"noreferrer noopener\">Strat\u00e9gies d\u2019internationalisation des entreprises chinoises dans les pays d\u2019Afrique francophone<\/a><br>Djibril Diouf<\/p>\n\n\n\n<p><a href=\"https:\/\/giks.valahia.ro\/wp-content\/uploads\/2023\/04\/giks-zven-2023-04-02-pag-113-120-Luiza-IONESCU.pdf\" target=\"_blank\" rel=\"noreferrer noopener\">Les entreprises sociales pendant la pand\u00e9mie de Covid-19 \u2013 Le cas de la Roumanie<\/a><br>Luiza Ionescu<\/p>\n\n\n\n<p><a href=\"https:\/\/giks.valahia.ro\/wp-content\/uploads\/2023\/04\/giks-zven-2023-04-02-pag-121-132-Zohor-KETTANI.pdf\" target=\"_blank\" rel=\"noreferrer noopener\">Competitive Intelligence in the Tourism Sector: Empirical Evidence from Moroccan Hotel Firms<\/a><br>Zohor Kettani<\/p>\n\n\n\n<p><a href=\"https:\/\/giks.valahia.ro\/wp-content\/uploads\/2023\/04\/giks-zven-2023-04-02-pag-133-144-Fabien-MAOMBI-MUSHI-Ephrem-MUCHENGERE-MAOMBI.pdf\" target=\"_blank\" rel=\"noreferrer noopener\">Analyse des d\u00e9terminants de la gestion financi\u00e8re d\u2019une entreprise et son aptitude au remboursement du capital investi<\/a><br>Fabien Maombi Mushi, Ephrem Muchengere Maombi<\/p>\n\n\n\n<p><a href=\"https:\/\/giks.valahia.ro\/wp-content\/uploads\/2023\/04\/giks-zven-2023-04-02-pag-145-176-Andrei-Marius-MATICIUC.pdf\" target=\"_blank\" rel=\"noreferrer noopener\">Moral Freedom and Responsibility in the Military Field<\/a><br>Andrei-Marius Maticiuc<\/p>\n\n\n\n<p><a href=\"https:\/\/giks.valahia.ro\/wp-content\/uploads\/2023\/04\/giks-zven-2023-04-02-pag-177-188-Yvan-MIROCHNIKOFF.pdf\" target=\"_blank\" rel=\"noreferrer noopener\">Enseigner le management des PME et ETI apr\u00e8s la crise de la COVID-19<\/a><br>Yvan Mirochnikoff<\/p>\n\n\n\n<p><a href=\"https:\/\/giks.valahia.ro\/wp-content\/uploads\/2023\/04\/giks-zven-2023-04-02-pag-189-200-Mahamat-MOUTA-DJIRABI-Christian-NDOUBA-MAHAMAT.pdf\" target=\"_blank\" rel=\"noreferrer noopener\">Lib\u00e9ralisation financi\u00e8re et financement de d\u00e9veloppement dans les pays de la CEMAC<\/a><br>Mahamat Mouta Djirabi, Christian Ndouba Mahamat<\/p>\n\n\n\n<p><a href=\"https:\/\/giks.valahia.ro\/wp-content\/uploads\/2023\/04\/giks-zven-2023-04-02-pag-201-205-Maria-NEGREPONTI-DELIVANIS.pdf\" target=\"_blank\" rel=\"noreferrer noopener\">L&#8217;invasion de la stagflation et ses cons\u00e9quences<\/a><br>Maria Negrepontis-Delivanis<\/p>\n\n\n\n<p><a href=\"https:\/\/giks.valahia.ro\/wp-content\/uploads\/2023\/04\/giks-zven-2023-04-02-pag-206-213-Mihaela-SAVU-Delia-TESELIOS.pdf\" target=\"_blank\" rel=\"noreferrer noopener\">Evolution of Tourism in Romania<\/a><br>Mihaela Savu, Delia Teselios<\/p>\n\n\n\n<p><a href=\"https:\/\/giks.valahia.ro\/wp-content\/uploads\/2023\/04\/giks-zven-2023-04-02-pag-214-231-Marie-Pascale-SENKEL-Camelia-Ana-FRATILA.pdf\" target=\"_blank\" rel=\"noreferrer noopener\">L&#8217;effet mod\u00e9rateur de la culture sur la relation entre l&#8217;int\u00e9gration des Supply Chains et la performance. Une revue de la litt\u00e9rature<\/a><br>Marie-Pascale Senkel, Camelia-Ana Fra\u021bil\u0103<\/p>\n\n\n\n<p><a href=\"https:\/\/giks.valahia.ro\/wp-content\/uploads\/2023\/04\/giks-zven-2023-04-02-pag-232-241-Elyana-POPESCU.pdf\" data-type=\"URL\" data-id=\"https:\/\/giks.valahia.ro\/wp-content\/uploads\/2023\/04\/giks-zven-2023-04-02-pag-232-241-Elyana-POPESCU.pdf\" target=\"_blank\" rel=\"noreferrer noopener\">The social and political responsibility of the Romanian state: Consequences of the inefficient management of the management system in Romania in the socio-economic context<\/a><br>Elyana Popescu<\/p>\n\n\n\n<p><a href=\"https:\/\/giks.valahia.ro\/wp-content\/uploads\/2023\/04\/giks-zven-2023-04-02-pag-242-247-Nicoleta-STANICA.pdf\" target=\"_blank\" rel=\"noreferrer noopener\">The Socio-Economic Development of the Administrative-territorial Units, a Factor of Progress in the Development of the Partnership between the school and the Community<\/a><br>Nicoleta St\u0103nic\u0103<\/p>\n\n\n\n<p><a href=\"https:\/\/giks.valahia.ro\/wp-content\/uploads\/2023\/04\/giks-zven-2023-04-02-pag-248-260-Ledia-SULA-Enxhi-MARKU.pdf\" target=\"_blank\" rel=\"noreferrer noopener\">The Fight against Counterfeiting of Goods and Services, a Challenge of the Albanian Customs even during the Pandemic<\/a><br>Ledia Sula, Enxhi Marku<\/p>\n\n\n\n<p><a href=\"https:\/\/giks.valahia.ro\/wp-content\/uploads\/2023\/04\/giks-zven-2023-04-02-pag-261-280-Ovidiu-Stefan-ROTARESCU-Laura-MARCU.pdf\" target=\"_blank\" rel=\"noreferrer noopener\">The Use of Traditions and Moral Values in Advertising<\/a><br>Ovidiu \u0218tefan Rot\u0103rescu, Laura Marcu<\/p>\n\n\n\n<p><a href=\"https:\/\/giks.valahia.ro\/wp-content\/uploads\/2023\/04\/giks-zven-2023-04-02-pag-281-300-Mihaela-TEODORESCU-Larisa-Elena-PREDA-Ileana-Iulia-ISTUDOR.pdf\" target=\"_blank\" rel=\"noreferrer noopener\">L\u2019harmonisation des imp\u00f4ts indirects dans l\u2019Union europ\u00e9enne: le cas des droits d\u2019accises sur l\u2019alcool et les boissons alcooliques<\/a><br>Mihaela Teodorescu, Larisa Elena Preda, Ileana Iulia Istudor<\/p>\n","protected":false},"excerpt":{"rendered":"<p>Proceeding volume of Global interferences of knowledge societyNovember 12-13th, 2021, ISBN 978-606-9745-66-3 Content Collaborer face au cygne noir: une strat\u00e9gie gagnante pour les entreprises ins\u00e9r\u00e9es dans les cha\u00eenes d\u2019approvisionnement mondiales?Julien Bazile Financial Inclusion, ICT and Income Inequality in AfricaHonor\u00e9 Bidiasse, Yannick Bkwayep Les tendances protectionnistes: les effets potentiels sur les \u00c9tats membres de l&#8217;Union europ\u00e9enneIskra [&hellip;]<\/p>\n","protected":false},"author":2,"featured_media":0,"parent":0,"menu_order":0,"comment_status":"closed","ping_status":"closed","template":"","meta":{"footnotes":""},"class_list":["post-145","page","type-page","status-publish","hentry"],"_links":{"self":[{"href":"https:\/\/giks.valahia.ro\/index.php\/wp-json\/wp\/v2\/pages\/145","targetHints":{"allow":["GET"]}}],"collection":[{"href":"https:\/\/giks.valahia.ro\/index.php\/wp-json\/wp\/v2\/pages"}],"about":[{"href":"https:\/\/giks.valahia.ro\/index.php\/wp-json\/wp\/v2\/types\/page"}],"author":[{"embeddable":true,"href":"https:\/\/giks.valahia.ro\/index.php\/wp-json\/wp\/v2\/users\/2"}],"replies":[{"embeddable":true,"href":"https:\/\/giks.valahia.ro\/index.php\/wp-json\/wp\/v2\/comments?post=145"}],"version-history":[{"count":9,"href":"https:\/\/giks.valahia.ro\/index.php\/wp-json\/wp\/v2\/pages\/145\/revisions"}],"predecessor-version":[{"id":363,"href":"https:\/\/giks.valahia.ro\/index.php\/wp-json\/wp\/v2\/pages\/145\/revisions\/363"}],"wp:attachment":[{"href":"https:\/\/giks.valahia.ro\/index.php\/wp-json\/wp\/v2\/media?parent=145"}],"curies":[{"name":"wp","href":"https:\/\/api.w.org\/{rel}","templated":true}]}}