{"id":275,"date":"2024-06-16T04:41:55","date_gmt":"2024-06-16T04:41:55","guid":{"rendered":"https:\/\/giks.valahia.ro\/?page_id=275"},"modified":"2025-06-29T07:47:54","modified_gmt":"2025-06-29T07:47:54","slug":"giks-2023","status":"publish","type":"page","link":"https:\/\/giks.valahia.ro\/index.php\/giks-2023\/","title":{"rendered":"Proceeding volume of GIKS 2023"},"content":{"rendered":"\n<p>Proceeding volume of Global Interferences of Knowledges Society <br>OCTOBER 27-28TH, 2023, ISSN: 3045-1639<\/p>\n\n\n\n<p><a href=\"https:\/\/giks.valahia.ro\/wp-content\/uploads\/2024\/06\/GIKS-2023-10-27.28-pag-001-009-coperta-si-cuprins.pdf\" data-type=\"link\" data-id=\"https:\/\/giks.valahia.ro\/wp-content\/uploads\/2024\/06\/GIKS-2023-10-27.28-pag-001-009-coperta-si-cuprins.pdf\">Content<\/a><\/p>\n\n\n\n<p><a href=\"https:\/\/giks.valahia.ro\/wp-content\/uploads\/2024\/06\/GIKS-2023-10-27.28-pag-011-022-Roxana-Maria-BARB.pdf\" data-type=\"link\" data-id=\"https:\/\/giks.valahia.ro\/wp-content\/uploads\/2024\/06\/GIKS-2023-10-27.28-pag-011-022-Roxana-Maria-BARB.pdf\">Social Innovation \u2013 A Powerful Statement from Companies for a Sustainable Environment<br>Roxana-Maria BARB<\/a><\/p>\n\n\n\n<p><a href=\"https:\/\/giks.valahia.ro\/wp-content\/uploads\/2024\/06\/GIKS-2023-10-27.28-pag-023-044-Julien-BAZILE-Zhan-SU.pdf\" data-type=\"link\" data-id=\"https:\/\/giks.valahia.ro\/wp-content\/uploads\/2024\/06\/GIKS-2023-10-27.28-pag-023-044-Julien-BAZILE-Zhan-SU.pdf\">L\u2019intelligence strat\u00e9gique des PME ins\u00e9r\u00e9es dans les cha\u00eenes d\u2019approvisionnement mondiales : proposition d\u2019un cadre de r\u00e9silience face aux risques syst\u00e9miques<\/a><br>Julien BAZILE, Zhan SU<\/p>\n\n\n\n<p><a href=\"https:\/\/giks.valahia.ro\/wp-content\/uploads\/2024\/06\/GIKS-2023-10-27.28-pag-045-052-Marian-CIONTESCU-Iulia-Maria-GANDEA-ROSOIU.pdf\" data-type=\"link\" data-id=\"https:\/\/giks.valahia.ro\/wp-content\/uploads\/2024\/06\/GIKS-2023-10-27.28-pag-045-052-Marian-CIONTESCU-Iulia-Maria-GANDEA-ROSOIU.pdf\">The Impact of Quality Management on the Progress of Educational Organizations in Pre-University Education<\/a><br>Marian CIONTESCU, Iulia Maria G\u00c2NDEA (RO\u0218OIU)<\/p>\n\n\n\n<p><a href=\"https:\/\/giks.valahia.ro\/wp-content\/uploads\/2024\/06\/GIKS-2023-10-27.28-pag-053-060-Ionut-Constantin-CONSTANTIN.pdf\" data-type=\"link\" data-id=\"https:\/\/giks.valahia.ro\/wp-content\/uploads\/2024\/06\/GIKS-2023-10-27.28-pag-053-060-Ionut-Constantin-CONSTANTIN.pdf\">Forging a Sustainable Future: Corporate Responsibility for Development<\/a><br>Ionu\u021b-Constantin CONSTANTIN<\/p>\n\n\n\n<p><a href=\"https:\/\/giks.valahia.ro\/wp-content\/uploads\/2024\/06\/GIKS-2023-10-27.28-pag-061-066-Alin-Adrian-DINCA-Irina-Antoaneta-TANASESCU.pdf\" data-type=\"link\" data-id=\"https:\/\/giks.valahia.ro\/wp-content\/uploads\/2024\/06\/GIKS-2023-10-27.28-pag-061-066-Alin-Adrian-DINCA-Irina-Antoaneta-TANASESCU.pdf\">Efficient Management \u2013 The Result of a Strong Organizational Culture and Individual Responsibility<\/a><br>Alin-Adrian DINC\u0102, Irina Antoaneta T\u0102N\u0102SESCU<\/p>\n\n\n\n<p><a href=\"https:\/\/giks.valahia.ro\/wp-content\/uploads\/2024\/06\/GIKS-2023-10-27.28-pag-067-075-Cosmin-Gabriel-DINCA-Adrian-Cosmin-BAICU.pdf\" data-type=\"link\" data-id=\"https:\/\/giks.valahia.ro\/wp-content\/uploads\/2024\/06\/GIKS-2023-10-27.28-pag-067-075-Cosmin-Gabriel-DINCA-Adrian-Cosmin-BAICU.pdf\">Aspects of Performance Management in the Public Sector<\/a><br>Cosmin Gabriel DINC\u0102, Adrian Cosmin BAICU<\/p>\n\n\n\n<p><a href=\"https:\/\/giks.valahia.ro\/wp-content\/uploads\/2024\/06\/GIKS-2023-10-27.28-pag-076-083-Anisoara-DUICA-Andrei-Alin-MILOSI.pdf\" data-type=\"link\" data-id=\"https:\/\/giks.valahia.ro\/wp-content\/uploads\/2024\/06\/GIKS-2023-10-27.28-pag-076-083-Anisoara-DUICA-Andrei-Alin-MILOSI.pdf\">Optimization of the Management of Social Welfare Institutions in Romania through the Transfer of International Best Practices<\/a><br>Ani\u0219oara DUIC\u0102, Andrei-Alin MILOSI<\/p>\n\n\n\n<p>T<a href=\"https:\/\/giks.valahia.ro\/wp-content\/uploads\/2024\/06\/GIKS-2023-10-27.28-pag-084-092-Gheorghita-DUMITRACHE-TORCICA-Angela-Luminita-MOLDOVAN-DURNEA.pdf\" data-type=\"link\" data-id=\"https:\/\/giks.valahia.ro\/wp-content\/uploads\/2024\/06\/GIKS-2023-10-27.28-pag-084-092-Gheorghita-DUMITRACHE-TORCICA-Angela-Luminita-MOLDOVAN-DURNEA.pdf\">he Role of Risk Management in a Knowledge Society<\/a><br>Gheorghi\u021ba DUMITRACHE (TORCIC\u0102), Angela Lumini\u021ba MOLDOVAN (DURNEA)<\/p>\n\n\n\n<p><a href=\"https:\/\/giks.valahia.ro\/wp-content\/uploads\/2024\/06\/GIKS-2023-10-27.28-pag-093-109-Alina-Mihaela-FRATICA-DRAGOMIR-GUSE.pdf\" data-type=\"link\" data-id=\"https:\/\/giks.valahia.ro\/wp-content\/uploads\/2024\/06\/GIKS-2023-10-27.28-pag-093-109-Alina-Mihaela-FRATICA-DRAGOMIR-GUSE.pdf\">Digitization of the Public Pension System in Ireland and Iceland vs Romania<\/a><br>Alina Mihaela FR\u0102\u021aIC\u0102-DRAGOMIR (GU\u0218E)<\/p>\n\n\n\n<p><a href=\"https:\/\/giks.valahia.ro\/wp-content\/uploads\/2024\/06\/GIKS-2023-10-27.28-pag-110-126-Camelia-Ana-FRATILA-Valentina-Ofelia-ROBESCU.pdf\" data-type=\"link\" data-id=\"https:\/\/giks.valahia.ro\/wp-content\/uploads\/2024\/06\/GIKS-2023-10-27.28-pag-110-126-Camelia-Ana-FRATILA-Valentina-Ofelia-ROBESCU.pdf\">La culture organisationnelle dans l\u2019espace universitaire roumain. Une revue de la litt\u00e9rature<\/a><br>Camelia-Ana FR\u0102\u021aIL\u0102, Valentina Ofelia ROBESCU<\/p>\n\n\n\n<p><a href=\"https:\/\/giks.valahia.ro\/wp-content\/uploads\/2024\/06\/GIKS-2023-10-27.28-pag-127-133-Diana-Nicoleta-GEORGESCU-Constanta-POPESCU.pdf\" data-type=\"link\" data-id=\"https:\/\/giks.valahia.ro\/wp-content\/uploads\/2024\/06\/GIKS-2023-10-27.28-pag-127-133-Diana-Nicoleta-GEORGESCU-Constanta-POPESCU.pdf\">Collaborative Leadership &#8211; A New Approach to Performing School Organizations<\/a><br>Diana &#8211; Nicoleta GEORGESCU, Constan\u021ba POPESCU<\/p>\n\n\n\n<p><a href=\"https:\/\/giks.valahia.ro\/wp-content\/uploads\/2024\/06\/GIKS-2023-10-27.28-pag-134-143-Alexandra-Elvira-GHERASIM-Ana-Maria-BOCANEALA.pdf\" data-type=\"link\" data-id=\"https:\/\/giks.valahia.ro\/wp-content\/uploads\/2024\/06\/GIKS-2023-10-27.28-pag-134-143-Alexandra-Elvira-GHERASIM-Ana-Maria-BOCANEALA.pdf\">The Economic Perspective of the Sustainable Development in Romania in the South Muntenia Region<\/a><br>Alexandra-Elvira GHERASIM, Ana Maria BOC\u0102NEAL\u0102<\/p>\n\n\n\n<p><a href=\"https:\/\/giks.valahia.ro\/wp-content\/uploads\/2024\/06\/GIKS-2023-10-27.28-pag-144-152-Silvia-Elena-IACOB-Edi-Cristian-DUMITRA.pdf\" data-type=\"link\" data-id=\"https:\/\/giks.valahia.ro\/wp-content\/uploads\/2024\/06\/GIKS-2023-10-27.28-pag-144-152-Silvia-Elena-IACOB-Edi-Cristian-DUMITRA.pdf\">Digitalization \u2013 More than an Instrument, a Business Model<\/a><br>Silvia-Elena IACOB, Edi-Cristian DUMITRA, Claudiu Aurelian POPA<\/p>\n\n\n\n<p><a href=\"https:\/\/giks.valahia.ro\/wp-content\/uploads\/2024\/06\/GIKS-2023-10-27.28-pag-153-166-Cristina-Mihaela-IONESCU-HARALAMBIE.pdf\" data-type=\"link\" data-id=\"https:\/\/giks.valahia.ro\/wp-content\/uploads\/2024\/06\/GIKS-2023-10-27.28-pag-153-166-Cristina-Mihaela-IONESCU-HARALAMBIE.pdf\">The Influence of the Quality of Financial Accounting Information within the Decision-Making Process<\/a><br>Cristina Mihaela IONESCU (HARALAMBIE)<\/p>\n\n\n\n<p><a href=\"https:\/\/giks.valahia.ro\/wp-content\/uploads\/2024\/06\/GIKS-2023-10-27.28-pag-167-179-Catalin-Vasile-IORDACHE-Constantin-Ciprian-IACOB.pdf\" data-type=\"link\" data-id=\"https:\/\/giks.valahia.ro\/wp-content\/uploads\/2024\/06\/GIKS-2023-10-27.28-pag-167-179-Catalin-Vasile-IORDACHE-Constantin-Ciprian-IACOB.pdf\">Communication in the Post-Truth Era<\/a><br>C\u0103t\u0103lin Vasile IORDACHE, Constantin Ciprian IACOB<\/p>\n\n\n\n<p><a href=\"https:\/\/giks.valahia.ro\/wp-content\/uploads\/2024\/06\/GIKS-2023-10-27.28-pag-180-190-George-Alexandru-ISTRATE-Maria-Luiza-HRESTIC.pdf\" data-type=\"link\" data-id=\"https:\/\/giks.valahia.ro\/wp-content\/uploads\/2024\/06\/GIKS-2023-10-27.28-pag-180-190-George-Alexandru-ISTRATE-Maria-Luiza-HRESTIC.pdf\">Communication as a Fundamental Tool in Modern Public Administration<\/a><br>George Alexandru ISTRATE, Maria-Luiza HRESTIC<\/p>\n\n\n\n<p><a href=\"https:\/\/giks.valahia.ro\/wp-content\/uploads\/2024\/06\/GIKS-2023-10-27.28-pag-191-200-Vinko-KANDZIJA-Laura-MARCU.pdf\" data-type=\"link\" data-id=\"https:\/\/giks.valahia.ro\/wp-content\/uploads\/2024\/06\/GIKS-2023-10-27.28-pag-191-200-Vinko-KANDZIJA-Laura-MARCU.pdf\">La contribution \u00e9conomique des micro-entreprises dans les pays de l\u2019Europe de Sud-est<\/a><br>Vinko KANDZIJA, Laura MARCU<\/p>\n\n\n\n<p><a href=\"https:\/\/giks.valahia.ro\/wp-content\/uploads\/2024\/06\/GIKS-2023-10-27.28-pag-201-216-Gheorghita-LUPOIU-BOTEA-Laura-MARCU.pdf\" data-type=\"link\" data-id=\"https:\/\/giks.valahia.ro\/wp-content\/uploads\/2024\/06\/GIKS-2023-10-27.28-pag-201-216-Gheorghita-LUPOIU-BOTEA-Laura-MARCU.pdf\">Trends Regarding the European Cosmetic Market<\/a><br>Gheorghi\u021ba LUPOIU BOTEA, Laura MARCU<\/p>\n\n\n\n<p><a href=\"https:\/\/giks.valahia.ro\/wp-content\/uploads\/2024\/06\/GIKS-2023-10-27.28-pag-217-223-Iulia-MANGHIUC-Ciprian-PETRESCU.pdf\" data-type=\"link\" data-id=\"https:\/\/giks.valahia.ro\/wp-content\/uploads\/2024\/06\/GIKS-2023-10-27.28-pag-217-223-Iulia-MANGHIUC-Ciprian-PETRESCU.pdf\">The Impact of Telework and Homeworking Processes on Employee Performance and Organizations<\/a><br>Iulia MANGHIUC, Ciprian PETRESCU<\/p>\n\n\n\n<p>Using Blogs as Solution for Improving the Company Promotion<br>Laura MARCU, Gabriel CUCUI<\/p>\n\n\n\n<p><a href=\"https:\/\/giks.valahia.ro\/wp-content\/uploads\/2024\/06\/GIKS-2023-10-27.28-pag-233-256-Cecilia-MANTESCU-TILVAN-Nicoleta-Valentina-FLOREA.pdf\" data-type=\"link\" data-id=\"https:\/\/giks.valahia.ro\/wp-content\/uploads\/2024\/06\/GIKS-2023-10-27.28-pag-233-256-Cecilia-MANTESCU-TILVAN-Nicoleta-Valentina-FLOREA.pdf\">Human Resource Integrity \u2013 Key Factor in Achieving Organizational Performance<\/a><br>Cecilia M\u0102NTESCU (T\u00ceLVAN), Nicoleta Valentina FLOREA<\/p>\n\n\n\n<p><a href=\"https:\/\/giks.valahia.ro\/wp-content\/uploads\/2024\/06\/GIKS-2023-10-27.28-pag-257-264-Silvia-MINCIUNA-GRIGORE-Mircea-Constantin-DUICA.pdf\" data-type=\"link\" data-id=\"https:\/\/giks.valahia.ro\/wp-content\/uploads\/2024\/06\/GIKS-2023-10-27.28-pag-257-264-Silvia-MINCIUNA-GRIGORE-Mircea-Constantin-DUICA.pdf\">Health Prevention and Promotion in Health Education<\/a><br>Silvia MINCIUN\u0102 (GRIGORE), Mircea Constantin DUIC\u0102<\/p>\n\n\n\n<p><a href=\"https:\/\/giks.valahia.ro\/wp-content\/uploads\/2024\/06\/GIKS-2023-10-27.28-pag-265-278-Elena-Florentina-MIRCEA-POPESCU.pdf\" data-type=\"link\" data-id=\"https:\/\/giks.valahia.ro\/wp-content\/uploads\/2024\/06\/GIKS-2023-10-27.28-pag-265-278-Elena-Florentina-MIRCEA-POPESCU.pdf\">The On-Desk Analysis of the Relevant Legislation on Sustainable Development in Romania<\/a><br>Elena Florentina S. MIRCEA (POPESCU)<\/p>\n\n\n\n<p><a href=\"https:\/\/giks.valahia.ro\/wp-content\/uploads\/2024\/06\/GIKS-2023-10-27.28-pag-279-293-Mahamat-MOUTA-DJIRABI-Josaphat-DJETODJIDE.pdf\" data-type=\"link\" data-id=\"https:\/\/giks.valahia.ro\/wp-content\/uploads\/2024\/06\/GIKS-2023-10-27.28-pag-279-293-Mahamat-MOUTA-DJIRABI-Josaphat-DJETODJIDE.pdf\">Analyse des effets du financement \u00e9tranger sur les Politiques Publiques : cas des secteurs sant\u00e9 et \u00e9ducation au Tchad<\/a><br>Mahamat MOUTA DJIRABI, Josaphat DJETODJIDE<\/p>\n\n\n\n<p><a href=\"https:\/\/giks.valahia.ro\/wp-content\/uploads\/2024\/06\/GIKS-2023-10-27.28-pag-294-311-Maria-NEGREPONTI-DELIVANIS.pdf\" data-type=\"link\" data-id=\"https:\/\/giks.valahia.ro\/wp-content\/uploads\/2024\/06\/GIKS-2023-10-27.28-pag-294-311-Maria-NEGREPONTI-DELIVANIS.pdf\">Vers quoi m\u00e8ne la nouvelle division du monde<\/a><br>Maria NEGREPONTI DELIVANIS<\/p>\n\n\n\n<p><a href=\"https:\/\/giks.valahia.ro\/wp-content\/uploads\/2024\/06\/GIKS-2023-10-27.28-pag-312-342-Cezar-OSICEANU.pdf\" data-type=\"link\" data-id=\"https:\/\/giks.valahia.ro\/wp-content\/uploads\/2024\/06\/GIKS-2023-10-27.28-pag-312-342-Cezar-OSICEANU.pdf\">Osiceanu Theory on the Seven Steps of Reengineering<\/a><br>Cezar OSICEANU<\/p>\n\n\n\n<p><a href=\"https:\/\/giks.valahia.ro\/wp-content\/uploads\/2024\/06\/GIKS-2023-10-27.28-pag-343-359-Ioana-Bianca-PATRINJAN-CAMPEAN.pdf\" data-type=\"link\" data-id=\"https:\/\/giks.valahia.ro\/wp-content\/uploads\/2024\/06\/GIKS-2023-10-27.28-pag-343-359-Ioana-Bianca-PATRINJAN-CAMPEAN.pdf\">Communication d&#8217;informations non-financi\u00e8res dans le secteur fran\u00e7ais de l&#8217;\u00e9nergie<\/a><br>Ioana Bianca P\u0102TR\u00ceNJAN (C\u00c2MPEAN)<\/p>\n\n\n\n<p><a href=\"https:\/\/giks.valahia.ro\/wp-content\/uploads\/2024\/06\/GIKS-2023-10-27.28-pag-360-377-Stefan-Alexandru-PREDA.pdf\" data-type=\"link\" data-id=\"https:\/\/giks.valahia.ro\/wp-content\/uploads\/2024\/06\/GIKS-2023-10-27.28-pag-360-377-Stefan-Alexandru-PREDA.pdf\">The Impact of the National Anti-Corruption Strategy 2021 \u2013 2025 on Internal Public Audit and Accounting Activities<\/a><br>\u015etefan Alexandru PREDA<\/p>\n\n\n\n<p><a href=\"https:\/\/giks.valahia.ro\/wp-content\/uploads\/2024\/06\/GIKS-2023-10-27.28-pag-378-384-Alain-REDSLOB.pdf\" data-type=\"link\" data-id=\"https:\/\/giks.valahia.ro\/wp-content\/uploads\/2024\/06\/GIKS-2023-10-27.28-pag-378-384-Alain-REDSLOB.pdf\">La grande illusion<\/a><br>Alain REDSLOB<\/p>\n\n\n\n<p><a href=\"https:\/\/giks.valahia.ro\/wp-content\/uploads\/2024\/06\/GIKS-2023-10-27.28-pag-385-391-Steliana-RODINO.pdf\" data-type=\"link\" data-id=\"https:\/\/giks.valahia.ro\/wp-content\/uploads\/2024\/06\/GIKS-2023-10-27.28-pag-385-391-Steliana-RODINO.pdf\">Closing the Loop for a Sustainable Agriculture Sector<\/a><br>Steliana RODINO<\/p>\n\n\n\n<p><a href=\"https:\/\/giks.valahia.ro\/wp-content\/uploads\/2024\/06\/GIKS-2023-10-27.28-pag-392-401-Diana-Andreea-ROTARU-DUMITRACHE-Cezar-Dan-OSICEANU.pdf\" data-type=\"link\" data-id=\"https:\/\/giks.valahia.ro\/wp-content\/uploads\/2024\/06\/GIKS-2023-10-27.28-pag-392-401-Diana-Andreea-ROTARU-DUMITRACHE-Cezar-Dan-OSICEANU.pdf\">Using Artificial Intelligence for Increasing Efficiency of Business Processes<\/a><br>Diana Andreea ROTARU (DUMITRACHE), Cezar Dan OSICEANU<\/p>\n\n\n\n<p><a href=\"https:\/\/giks.valahia.ro\/wp-content\/uploads\/2024\/06\/GIKS-2023-10-27.28-pag-402-418-Crenguta-Ileana-SINISI-Catalina-RATIU-ILIE.pdf\" data-type=\"link\" data-id=\"https:\/\/giks.valahia.ro\/wp-content\/uploads\/2024\/06\/GIKS-2023-10-27.28-pag-402-418-Crenguta-Ileana-SINISI-Catalina-RATIU-ILIE.pdf\">Legislative Problems Generated by the Covid-19 Epidemic Regarding Medical Management in Romania &#8211; Abuse of State Power by Restricting Fundamental Rights and Freedom<\/a><br>Crengu\u021ba-Ileana SINISI, C\u0103t\u0103lina RA\u021aIU (ILIE)<\/p>\n\n\n\n<p><a href=\"https:\/\/giks.valahia.ro\/wp-content\/uploads\/2024\/06\/GIKS-2023-10-27.28-pag-419-425-Ledia-SULA-Lindita-KIRI.pdf\" data-type=\"link\" data-id=\"https:\/\/giks.valahia.ro\/wp-content\/uploads\/2024\/06\/GIKS-2023-10-27.28-pag-419-425-Ledia-SULA-Lindita-KIRI.pdf\">Intensity of Consumption of Natural Resources during Economic Activity in Albania<\/a><br>Ledia SULA, Lindita KIRI<\/p>\n\n\n\n<p><a href=\"https:\/\/giks.valahia.ro\/wp-content\/uploads\/2024\/06\/GIKS-2023-10-27.28-pag-426-433-Maria-Iuliana-NICU-TEBEICA-Anisoara-DUICA.pdf\" data-type=\"link\" data-id=\"https:\/\/giks.valahia.ro\/wp-content\/uploads\/2024\/06\/GIKS-2023-10-27.28-pag-426-433-Maria-Iuliana-NICU-TEBEICA-Anisoara-DUICA.pdf\">Management and Leadership in the Military Organization<\/a><br>Maria-Iuliana NICU-TEBEIC\u0102, Ani\u0219oara DUIC\u0102<\/p>\n\n\n\n<p><a href=\"https:\/\/giks.valahia.ro\/wp-content\/uploads\/2024\/06\/GIKS-2023-10-27.28-pag-434-444-Mihaela-TEODORESCU.pdf\" data-type=\"link\" data-id=\"https:\/\/giks.valahia.ro\/wp-content\/uploads\/2024\/06\/GIKS-2023-10-27.28-pag-434-444-Mihaela-TEODORESCU.pdf\">Quelques consid\u00e9rations concernant la politique de dividendes des soci\u00e9t\u00e9s roumaines contr\u00f4l\u00e9es par l\u2019\u00c9tat<\/a><br>Mihaela TEODORESCU<\/p>\n\n\n\n<p><a href=\"https:\/\/giks.valahia.ro\/wp-content\/uploads\/2024\/06\/GIKS-2023-10-27.28-pag-445-452-Cornel-ZAMFIRESCU-Constantin-POPESCU.pdf\" data-type=\"link\" data-id=\"https:\/\/giks.valahia.ro\/wp-content\/uploads\/2024\/06\/GIKS-2023-10-27.28-pag-445-452-Cornel-ZAMFIRESCU-Constantin-POPESCU.pdf\">The Role of the European Union in Crisis Management<\/a><br>Cornel ZAMFIRESCU, Constantin POPESCU<\/p>\n","protected":false},"excerpt":{"rendered":"<p>Proceeding volume of Global Interferences of Knowledges Society OCTOBER 27-28TH, 2023, ISSN: 3045-1639 Content Social Innovation \u2013 A Powerful Statement from Companies for a Sustainable EnvironmentRoxana-Maria BARB L\u2019intelligence strat\u00e9gique des PME ins\u00e9r\u00e9es dans les cha\u00eenes d\u2019approvisionnement mondiales : proposition d\u2019un cadre de r\u00e9silience face aux risques syst\u00e9miquesJulien BAZILE, Zhan SU The Impact of Quality Management [&hellip;]<\/p>\n","protected":false},"author":2,"featured_media":0,"parent":0,"menu_order":0,"comment_status":"closed","ping_status":"closed","template":"","meta":{"footnotes":""},"class_list":["post-275","page","type-page","status-publish","hentry"],"_links":{"self":[{"href":"https:\/\/giks.valahia.ro\/index.php\/wp-json\/wp\/v2\/pages\/275","targetHints":{"allow":["GET"]}}],"collection":[{"href":"https:\/\/giks.valahia.ro\/index.php\/wp-json\/wp\/v2\/pages"}],"about":[{"href":"https:\/\/giks.valahia.ro\/index.php\/wp-json\/wp\/v2\/types\/page"}],"author":[{"embeddable":true,"href":"https:\/\/giks.valahia.ro\/index.php\/wp-json\/wp\/v2\/users\/2"}],"replies":[{"embeddable":true,"href":"https:\/\/giks.valahia.ro\/index.php\/wp-json\/wp\/v2\/comments?post=275"}],"version-history":[{"count":3,"href":"https:\/\/giks.valahia.ro\/index.php\/wp-json\/wp\/v2\/pages\/275\/revisions"}],"predecessor-version":[{"id":364,"href":"https:\/\/giks.valahia.ro\/index.php\/wp-json\/wp\/v2\/pages\/275\/revisions\/364"}],"wp:attachment":[{"href":"https:\/\/giks.valahia.ro\/index.php\/wp-json\/wp\/v2\/media?parent=275"}],"curies":[{"name":"wp","href":"https:\/\/api.w.org\/{rel}","templated":true}]}}