{"id":357,"date":"2025-06-29T07:42:21","date_gmt":"2025-06-29T07:42:21","guid":{"rendered":"https:\/\/giks.valahia.ro\/?page_id=357"},"modified":"2025-09-17T08:43:40","modified_gmt":"2025-09-17T08:43:40","slug":"giks-2024-2","status":"publish","type":"page","link":"https:\/\/giks.valahia.ro\/index.php\/giks-2024-2\/","title":{"rendered":"Proceeding volume of GIKS 2024"},"content":{"rendered":"\n<p>Proceeding volume of Global Interferences of Knowledges Society<br>OCTOBER 24-25th, 2024, ISSN: 3045-1639<\/p>\n\n\n\n<p><a href=\"https:\/\/drive.google.com\/file\/d\/1aa47LeGIXTovvrujuQqO5TZsGuxtS1ZQ\/view?usp=sharing\">Copert\u0103<\/a><br><a href=\"https:\/\/drive.google.com\/file\/d\/133_xphM8-04FHKrLzUayA6y1R4mCAF7F\/view?usp=sharing\">Cuprins<\/a><br><a href=\"https:\/\/drive.google.com\/file\/d\/1D2SGUw6Y6NY6l64T-CTtJJ_DZESj3HZU\/view?usp=sharing\">Optimizing human resource management in the healthcare system in Romania: challenges, opportunities and strategies for improving service quality<\/a><br>Adrian-Cosmin BAICU, Cosmin-Gabriel DINC\u0102<br><\/p>\n\n\n\n<p><a href=\"https:\/\/drive.google.com\/file\/d\/1OHgdf9L8-pp-hhIm12ND1apUiX13bxLE\/view?usp=sharing\">Generative AI in accounting: Optimizing financial reports and budget documentation in public institutions<\/a><br>Ani\u0219oara-Elena BELBE<br><\/p>\n\n\n\n<p><a href=\"https:\/\/drive.google.com\/file\/d\/15PWbSbeBu-JjA9KlTSrs3Ep-zF2QvkVe\/view?usp=sharing\">Modern perspectives on onboarding in 21ST century. New challenges for the military management<\/a><br>Marius-Emanuel CARAGEA<br><\/p>\n\n\n\n<p><a href=\"https:\/\/drive.google.com\/file\/d\/1OuZOTyk2yLKyD81qkLXMNcMy4ZAJy0CF\/view?usp=sharing\">Organizational flexibility versus managerial flexibility. Their role in resilience management<\/a><br>Maria Denisa CIUTOIU (ION), Delia Mioara POPESCU<br><\/p>\n\n\n\n<p><a href=\"https:\/\/drive.google.com\/file\/d\/1GMDjhoUxy1cYrfqOYscDvFfaSu9UUHXT\/view?usp=sharing\">Integration of digital tools in the tax system<\/a><br>Leliana DIANA (BOLCU), Andreea Cristina SAVU, Florinel C\u00ceMPEANU<br><\/p>\n\n\n\n<p><a href=\"https:\/\/drive.google.com\/file\/d\/1zn4Tp2Xoyc298sUYlj0HEARoieColeaD\/view?usp=sharing\">The interplay of ecotourism, rural tourism and agritourism: A sustainable development strategy<\/a><br>Otilia CR\u0102CIUN (RADU), Mircea Constantin DUIC\u0102<br><\/p>\n\n\n\n<p><a href=\"https:\/\/drive.google.com\/file\/d\/1Qw1Bq8TdjS6EP9PtWcfAsG6I0ktlTUPw\/view?usp=sharing\">Particular aspects of the motivation of prison officers<\/a><br>Cosmin Gabriel DINC\u0102, Adrian Cosmin BAICU<br><\/p>\n\n\n\n<p><a href=\"https:\/\/drive.google.com\/file\/d\/1yFcCbwm_6hPl_SQwE7m7OCrQfhSbifsU\/view?usp=sharing\">Implementation of Blockchain technology in SME accounting and its impact on corporate performance: an analysis of factors and risks<\/a><br>Monica-Mihaela DR\u0102GAN (RADU), Elena-Simona TACHE (BUZ\u0102\u021aOIU), Amalia Magdalena D\u0102N\u0102IL\u0102 (CALAFETEANU), Dan Marius COMAN, Mihaela Denisa COMAN<br><\/p>\n\n\n\n<p><a href=\"https:\/\/drive.google.com\/file\/d\/1O3TPtrjre9z5frtnBbz9YI40bo4iJ03N\/view?usp=sharing\">Streamlining Romanian fiscal declarations: Development of a comprehensive financial management application<\/a><br>Bogdan DR\u0102GULIN, Veronica \u0218TEFAN<br><\/p>\n\n\n\n<p><a href=\"https:\/\/drive.google.com\/file\/d\/1NHN_p5_u9yHi4L6jGZ3WVobua0r44bjv\/view?usp=sharing\">Overcoming financial barriers in circular economy business development<\/a><br>Sorin Ion DUMITRASCU, Ani\u0219oara DUIC\u0102<br><\/p>\n\n\n\n<p><a href=\"https:\/\/drive.google.com\/file\/d\/1HAWl71lb1Gnj6iAPwxzGv5ng513gATUp\/view?usp=sharing\">The conceptual framework of organizational citizenship behaviour<\/a><br>Andreea Costina FIR\u0102STR\u0102ERU, Delia Mioara POPESCU<br><\/p>\n\n\n\n<p><a href=\"https:\/\/drive.google.com\/file\/d\/1XzxCdK3t6Fo5V6WuPQM-6-_qA2g3RFG3\/view?usp=sharing\">The role of strategic management in the development and implementation of specific skills and the achievement of sports performance<\/a><br>Ioana Raluca GOLDBACH, Florin Valentin BIDIREANU, Bianca CALAGIU (POPESCU)<br><\/p>\n\n\n\n<p><a href=\"https:\/\/drive.google.com\/file\/d\/1fa6ijPLB_DXi52jVJ_AFZqOLlYDHZ_45\/view?usp=sharing\">Integrating AI and Big Data in industry 6.0: Enhancing accounting information valorization and strengthening Internal Audit Systems<\/a><br>Beatrice Elena GORE, Carmen Mihaela BUL\u0102U, Silviu Ionel STOICA, Valentin RADU<br><\/p>\n\n\n\n<p><a href=\"https:\/\/drive.google.com\/file\/d\/19qkTcuxf6U9rX7h0pjuIsw6GytC6AQEa\/view?usp=sharing\">L&#8217;importance de l&#8217;\u00e9thique dans la profession comptable \u00e0 l&#8217;\u00e8re du num\u00e9rique. Opportunit\u00e9s et d\u00e9fis<\/a><br>Ruxandra GRIGORESCU, Daniela BULACU<br><\/p>\n\n\n\n<p><a href=\"https:\/\/drive.google.com\/file\/d\/1XjmwUY026I_5n75VaaVCZ5uuza0-3xcd\/view?usp=sharing\">Artificial Intelligence in school organizations: Balancing technological demands and managing stress<\/a><br>Silvia Elena IACOB, Georgiana \u2013 Tatiana BONDAC<br><\/p>\n\n\n\n<p><a href=\"https:\/\/drive.google.com\/file\/d\/1XAuGt7f6Dt_GHWCpMbXhZAvMnSAOVit3\/view?usp=sharing\">Quality management in pre university education: An essential premise for increasing educational performance and efficiency<\/a><br>Elena Cristina ION (STROE), Dorin IANCU<br><\/p>\n\n\n\n<p><a href=\"https:\/\/drive.google.com\/file\/d\/1VEC9k9Ldv-PJ7-NlCVQHBdL4CiJ6zQPv\/view?usp=sharing\">Exploring the influence of leadership and managerial personality traits on the transformation of the Romanian pre-university educational system<\/a><br>Irene Mihaela IONESCU<br><\/p>\n\n\n\n<p><a href=\"https:\/\/drive.google.com\/file\/d\/18qbQ4m622gLspoaYgSdCdwiXrzd0rDBA\/view?usp=sharing\">Circular economy in the context of sustainable development<\/a><br>Luiza IONESCU, Maria-Cristina \u0218TEFAN, Mariana ZAMFIR<br><\/p>\n\n\n\n<p><a href=\"https:\/\/drive.google.com\/file\/d\/1wjNGc6Q92zJT1K2s72LlytYxesIW9hH6\/view?usp=sharing\">Challenges of knowledge: Information selection<\/a><br>C\u0103t\u0103lin Vasile IORDACHE, Constantin POPESCU<br><\/p>\n\n\n\n<p><a href=\"https:\/\/drive.google.com\/file\/d\/12ZuOZFJpB5UO4FeJfh9aGs5Od5yzyAqF\/view?usp=sharing\">Tradition and innovation in the history of some Romanian brands which are market leaders<\/a><br>Cornelia Denisa IVAN<br><\/p>\n\n\n\n<p><a href=\"https:\/\/drive.google.com\/file\/d\/18wzU4tsZ1RH_XxJ6nrmukfkTaB449VfF\/view?usp=sharing\">Impact of digitalization on the efficiency of management in social welfare institutions in Romania compared to international best practices: A comparison between Romania and Germany<\/a><br>Andrei MILOSI, Ani\u0219oara DUIC\u0102<br><\/p>\n\n\n\n<p><a href=\"https:\/\/drive.google.com\/file\/d\/1COwoF-3MTnt5W0YeyeOD-IdEwiGZad_p\/view?usp=sharing\">Partnership between the accounting profession and robotic systems, with the objective of improving the performance of the entity<\/a><br>Ana Rebeca NEAGU (ION), Beatrice \u2013 Elena GORE, Silviu Ionel STOICA, Florin RADU<br><\/p>\n\n\n\n<p><a href=\"https:\/\/drive.google.com\/file\/d\/1N-PuDMwGFkaL12gKywgOFKTMBUqeeMrg\/view?usp=sharing\">The essential role of motivation in the leadership process of the military organization<\/a><br>Maria Iuliana NICU-TEBEIC\u0102<br><\/p>\n\n\n\n<p><a href=\"https:\/\/drive.google.com\/file\/d\/1bfay7HOaLkwmaXcHG62VYKspHOidyeoL\/view?usp=sharing\">The transition from soft law to hard law with regard to sustainability. The impact of the new relationship between legal rules and social reality on economic theory and practice<\/a><br>Maria NICULESCU, Cristina Elena VOICU<br><\/p>\n\n\n\n<p><a href=\"https:\/\/drive.google.com\/file\/d\/1bfay7HOaLkwmaXcHG62VYKspHOidyeoL\/view?usp=sharing\">Rethinking educational service quality management through innovation and sustainability<\/a><br>Elena P\u0102TRA\u0218CU SUDITU, Constan\u021ba POPESCU<br><\/p>\n\n\n\n<p><a href=\"https:\/\/drive.google.com\/file\/d\/1Os4Xup2i70_SG3gF4pKQcL2Y_fu4RHOk\/view?usp=drive_link\">Global Knowledge Ecosystems: social economy, responsibility and sustainable development<\/a><br>Ion P\u00c2RGARU, Oana Camelia IACOB (P\u00c2RGARU), Gabriel U\u021a\u0102, Bogdan V\u0102TASE<br><\/p>\n\n\n\n<p><a href=\"https:\/\/drive.google.com\/file\/d\/1dfGlhdOO-xFzcHveA068ho-PZkYFX21k\/view?usp=sharing\">The digital transformation of public administration: Global interferences of knowledge<\/a><br>Ion P\u00c2RGARU, Oana Camelia IACOB (P\u00c2RGARU), Bogdan V\u0102TASE, Gabriel U\u021a\u0102<br><\/p>\n\n\n\n<p><a href=\"https:\/\/drive.google.com\/file\/d\/1wmQJl5XJXuKY_SNQo3ETMJZW8-AjHn_I\/view?usp=sharing\">Burnout in organizations: determinant factors and prevention strategies<\/a><br>Ciprian PETRESCU, Iulia MANGHIUC<br><\/p>\n\n\n\n<p><a href=\"https:\/\/drive.google.com\/file\/d\/1w1J5s_lMQ3hrhIOZFGtQ59eFcelnIz73\/view?usp=sharing\">The performance of the public procurement in Romanian health system during 2019-2022. Perspectives on public procurement financed through the National Recovery and Resilience Plan in Romanian health system<\/a><br>Teodora Nicoleta PLESA, Iulian MISERCIU, Iliodor Tiberiu PLESA, Constanta POPESCU<br><\/p>\n\n\n\n<p><a href=\"https:\/\/drive.google.com\/file\/d\/1eeGt71d3Rd5eyG2LNsr3XQotGE0fQ_oc\/view?usp=sharing\">Comparison between Cloud Accounting Softwares and On-premise Accounting Softwares<\/a><br>Alina Gabriela PROCOPIE (MARE\u0218), Raluca Andreea STOICA<br><\/p>\n\n\n\n<p><a href=\"https:\/\/drive.google.com\/file\/d\/1c4Dswg-24l95YQ0bZCaMOQZmOwYJQxps\/view?usp=sharing\">Coordinates of the management of the evolution towards the sustainability of organizations<\/a><br>Constantin POPESCU, Maria-Luiza HRESTIC<br><\/p>\n\n\n\n<p><a href=\"https:\/\/drive.google.com\/file\/d\/1j_CXPKtlFUpwFkckjDOXgNDb3Lum7DKJ\/view?usp=sharing\">Social entrepreneurship \u2013 key role in developing the skills and competences of the workforce coming from disadvantaged backgrounds in Eastern Europe<\/a><br>George PUIU, Mircea Constantin DUIC\u0102<br><\/p>\n\n\n\n<p><a href=\"https:\/\/drive.google.com\/file\/d\/1zEI8NYpl0PDO-hI3n-hhKkcLYWJ6T39o\/view?usp=sharing\">Success criteria of online educational marketing<\/a><br>Aida-Gabriela RADU, Laura MARCU<br><\/p>\n\n\n\n<p><a href=\"https:\/\/drive.google.com\/file\/d\/1wYU2NKukMPbcJoBsV9UwH735ig9wovks\/view?usp=sharing\">Corruption risk management in modern society<\/a><br>Irina-Maria R\u0102DUCANU (ONCESCU)<br><\/p>\n\n\n\n<p><a href=\"https:\/\/drive.google.com\/file\/d\/1CNhpzRHaH9sBPOvYkljAJCgnusRdx9bj\/view?usp=sharing\">The impact of the pandemic on the IT industry in Romania<\/a><br>Carmen Valentina R\u0102DULESCU, Ovidiu Andrei Cristian BUZOIANU, Sorin BURLACU, Florina BRAN<br><\/p>\n\n\n\n<p><a href=\"https:\/\/drive.google.com\/file\/d\/1RtgGeKfLd2KoOyFcnHvdL43dFfawquQN\/view?usp=sharing\">Ethics in negotiation: Principles and practices in modern management<\/a><br>C\u0103t\u0103lina Loredana ROGOZEANU DR\u0102GHIA, Delia Mioara POPESCU, Cezar BRAICU<br><\/p>\n\n\n\n<p><a href=\"https:\/\/drive.google.com\/file\/d\/1Xz9Mg8r4mezXuO-hweIw7Ty--d0uwQJP\/view?usp=sharing\">Occupational health and safety management SR EN ISO 45001:2023 in public hospitals<\/a><br>Crengu\u021ba-Ileana SINISI, C\u0103t\u0103lina RA\u021aIU (ILIE)<br><\/p>\n\n\n\n<p><a href=\"https:\/\/drive.google.com\/file\/d\/10gwf7kSLbKos4ZVhIPn2ZxECMlkx98pA\/view?usp=sharing\">The features of communication management in the military organization<\/a><br>Claudiu Gabriel STAN, Valentina-Ofelia ROBESCU<br><\/p>\n\n\n\n<p><a href=\"https:\/\/drive.google.com\/file\/d\/1Vscs7SvsnvO6xvj1keGE2broyuITllc4\/view?usp=sharing\">A comparative analysis of software solutions for consolidating financial statements in modern businesses<\/a><br>Raluca Andreea STOICA, Alina Gabriela PROCOPIE (MARE\u0218)<br><\/p>\n\n\n\n<p><a href=\"https:\/\/drive.google.com\/file\/d\/1CBunszWRHnQgWSMdU9frDP7r-Z63hqCT\/view?usp=sharing\">The role of internal control in public cultural organizations: Leveraging digitalization and Artificial Intelligence for enhanced accountability and efficiency<\/a><br>Silviu Ionel STOICA, Maria TOMA, Beatrice Elena GORE, Ana Rebeca NEAGU (ION), Carmen Mihaela BUL\u0102U<br><\/p>\n\n\n\n<p><a href=\"https:\/\/drive.google.com\/file\/d\/1Aqywt-BPTrlBvXXNgk7GhbWd8WcI1Mlu\/view?usp=sharing\">STA Management (The Science, Technology and Arts as access points for guiding managers in achieving goals)<\/a><br>Elena-C\u0103t\u0103lina \u0218ERBAN, Ani\u0219oara DUIC\u0102<br><\/p>\n\n\n\n<p><a href=\"https:\/\/drive.google.com\/file\/d\/1hprnpf1ZHyAndBj0gCOrZi8Iu0cH7_ZV\/view?usp=sharing\">Modernization of fiscal administration through advanced technology<\/a><br>Veronica \u0218TEFAN, Bogdan DR\u0102GULIN<br><\/p>\n\n\n\n<p><a href=\"https:\/\/drive.google.com\/file\/d\/1Gyq1-l4BwUL51vX8AGgIoP_8kK7zfyMi\/view?usp=sharing\">The role of motivational factors in achieving security leadership objectives<\/a><br>Cornel ZAMFIRESCU, Maria-Luiza HRESTIC<br><\/p>\n\n\n\n<p><\/p>\n","protected":false},"excerpt":{"rendered":"<p>Proceeding volume of Global Interferences of Knowledges SocietyOCTOBER 24-25th, 2024, ISSN: 3045-1639 Copert\u0103CuprinsOptimizing human resource management in the healthcare system in Romania: challenges, opportunities and strategies for improving service qualityAdrian-Cosmin BAICU, Cosmin-Gabriel DINC\u0102 Generative AI in accounting: Optimizing financial reports and budget documentation in public institutionsAni\u0219oara-Elena BELBE Modern perspectives on onboarding in 21ST century. New [&hellip;]<\/p>\n","protected":false},"author":2,"featured_media":0,"parent":0,"menu_order":0,"comment_status":"closed","ping_status":"closed","template":"","meta":{"footnotes":""},"class_list":["post-357","page","type-page","status-publish","hentry"],"_links":{"self":[{"href":"https:\/\/giks.valahia.ro\/index.php\/wp-json\/wp\/v2\/pages\/357","targetHints":{"allow":["GET"]}}],"collection":[{"href":"https:\/\/giks.valahia.ro\/index.php\/wp-json\/wp\/v2\/pages"}],"about":[{"href":"https:\/\/giks.valahia.ro\/index.php\/wp-json\/wp\/v2\/types\/page"}],"author":[{"embeddable":true,"href":"https:\/\/giks.valahia.ro\/index.php\/wp-json\/wp\/v2\/users\/2"}],"replies":[{"embeddable":true,"href":"https:\/\/giks.valahia.ro\/index.php\/wp-json\/wp\/v2\/comments?post=357"}],"version-history":[{"count":4,"href":"https:\/\/giks.valahia.ro\/index.php\/wp-json\/wp\/v2\/pages\/357\/revisions"}],"predecessor-version":[{"id":391,"href":"https:\/\/giks.valahia.ro\/index.php\/wp-json\/wp\/v2\/pages\/357\/revisions\/391"}],"wp:attachment":[{"href":"https:\/\/giks.valahia.ro\/index.php\/wp-json\/wp\/v2\/media?parent=357"}],"curies":[{"name":"wp","href":"https:\/\/api.w.org\/{rel}","templated":true}]}}