{"id":405,"date":"2026-03-31T12:25:02","date_gmt":"2026-03-31T12:25:02","guid":{"rendered":"https:\/\/giks.valahia.ro\/?page_id=405"},"modified":"2026-03-31T12:25:02","modified_gmt":"2026-03-31T12:25:02","slug":"proceeding-volume-of-giks-2025","status":"publish","type":"page","link":"https:\/\/giks.valahia.ro\/index.php\/proceeding-volume-of-giks-2025\/","title":{"rendered":"Proceeding volume of GIKS 2025"},"content":{"rendered":"\n<p><a href=\"https:\/\/drive.google.com\/file\/d\/1Uf99ruEUZiJSTdnsYJT-5Qv7s1UvAP5A\/view?usp=sharing\">Copert\u0103<\/a><br><a href=\"https:\/\/drive.google.com\/file\/d\/1v9k-u1RskEJ2_TvRCC-FAbWA605baoBB\/view?usp=sharing\">Cuprins<\/a><br><a href=\"https:\/\/drive.google.com\/file\/d\/1wVJhG84cR9QRC1UuDIhQ99nMIht52VfP\/view?usp=sharing\">Impact of digitalization on corruption risk management in the Romanian Ministry of Internal Affairs<\/a><br>Irina-Maria R\u0102DUCANU (ONCESCU) Ani\u0219oara DUIC\u0102<\/p>\n\n\n\n<p><a href=\"https:\/\/drive.google.com\/file\/d\/14c7CXRlBgUXH_zxPa9F_s_poXDm7HQlo\/view?usp=sharing\">Integration of social responsibility principles into sustainable management strategies in Romania<\/a><br>Maria-Alicia BUCUR (NISTORESCU), George-Gabriel NISTORESCU<\/p>\n\n\n\n<p><a href=\"https:\/\/drive.google.com\/file\/d\/1TMtrdF6kp4DRzs0uL221j0ldu7AriWuV\/view?usp=sharing\" data-type=\"link\" data-id=\"https:\/\/drive.google.com\/file\/d\/1TMtrdF6kp4DRzs0uL221j0ldu7AriWuV\/view?usp=sharing\">The impact of digitalization on customer communication in the banking sector<\/a><br>Ovidiu-Andrei-Cristian BUZOIANU, Florina BRAN, Dumitru-Alexandru BODISLAV, Cristina DIMA<\/p>\n\n\n\n<p><a href=\"https:\/\/drive.google.com\/file\/d\/1HZhWQKL4aAKeqjcy4Fp0Ir43JL82YoEI\/view?usp=sharing\">Interpreting budgetary signals in military management: NATO force planning, resource distribution, and their possible role in shaping russian strategic calculations (2000\u20132025)<\/a><br>Marius-Emanuel CARAGEA<\/p>\n\n\n\n<p><a href=\"https:\/\/drive.google.com\/file\/d\/1Qt-flDfH6g7ojd_pDRJlb9MfWJbYIjVH\/view?usp=sharing\">The role of managerial flexibility in developing organizational resilience capacity through the optimization of management subsystems<\/a><br>Marina-Denisa CIUTOIU (ION), Delia-Mioara POPESCU<\/p>\n\n\n\n<p><a href=\"https:\/\/drive.google.com\/file\/d\/1dT1-0AFFhHXKY9BAMne0xGp_QucjkuWb\/view?usp=sharing\">AI-powered due diligence: Transforming risk evaluation and innovation processes in multinational enterprises<\/a><br>Constan\u021ba POPESCU, Diana-Georgiana DINU<\/p>\n\n\n\n<p><a href=\"https:\/\/drive.google.com\/file\/d\/19EZEiazkcLGUN5XNR3gNd8dTKokumYmL\/view?usp=sharing\">Romania and the IMF: Financial aspects regarding the impact of the IMF on the Romanian economy<\/a><br>Elena-Violeta DR\u0102GOI, Larisa-Elena PREDA, Ana-Mariana DINCU, Dumitru- Florin CU\u021aA<\/p>\n\n\n\n<p><a href=\"https:\/\/drive.google.com\/file\/d\/1rR7omicX869M_EWdpmGqxozgSqjgYBNe\/view?usp=sharing\">Fiscal space in emerging market economies<\/a><br>Ada-Cristina MARINESCU<\/p>\n\n\n\n<p><a href=\"https:\/\/drive.google.com\/file\/d\/1mz92YoN8KbjfTqoQWnh_c7UanWCQ0G24\/view?usp=sharing\">Compassion at the core of spiritual intelligence: Toward defining the spiritual workplace<\/a><br>Andreea-Costina FIR\u0102STR\u0102ERU, Delia-Mioara POPESCU<\/p>\n\n\n\n<p><a href=\"https:\/\/drive.google.com\/file\/d\/1sKK7mjBJ4FOk8mVZUYkfvPsS0Vm_SspD\/view?usp=sharing\" data-type=\"link\" data-id=\"https:\/\/drive.google.com\/file\/d\/1sKK7mjBJ4FOk8mVZUYkfvPsS0Vm_SspD\/view?usp=sharing\">Ecosystem-driven authority: a framework for business growth in a decentralized WEB3<\/a><br>Elena ANDREOU<\/p>\n\n\n\n<p><a href=\"https:\/\/drive.google.com\/file\/d\/1L99w5z69qG3N1BTaoEn0R2I1RjGuPCm2\/view?usp=sharing\" data-type=\"link\" data-id=\"https:\/\/drive.google.com\/file\/d\/1L99w5z69qG3N1BTaoEn0R2I1RjGuPCm2\/view?usp=sharing\">Digital approaches to break-even analysis: from spreadsheets to programming<\/a><br>Constantin-Adrian BANU, Sandra-Elena MARINESCU, Loredana-Cristina T\u0102NASE<\/p>\n\n\n\n<p><a href=\"https:\/\/drive.google.com\/file\/d\/1f0FuhmhlnR18YV12rx-RcTqjKZTcTUyE\/view?usp=sharing\">Sustainability or luxury cruising?<\/a><br>Iulian GOLE, Ioan I GAF-DEAC, Laura MARCU, Andreea- Ligia DRUGAU-CONSTANTIN<\/p>\n\n\n\n<p>A<a href=\"https:\/\/drive.google.com\/file\/d\/1iIuCpMlIpGAygbv31uSxoX4DBD0UPMbW\/view?usp=sharing\" data-type=\"link\" data-id=\"https:\/\/drive.google.com\/file\/d\/1iIuCpMlIpGAygbv31uSxoX4DBD0UPMbW\/view?usp=sharing\">n increasing challenge: agentic AI for marketing<\/a><br>Ioan-Matei PURC\u0102REA<\/p>\n\n\n\n<p><a href=\"https:\/\/drive.google.com\/file\/d\/1BS34-3biPnGe-RZadrhfuVBVnu2BmuVZ\/view?usp=sharing\">Managing change in education: lessons learned from crisis and budget restrictions<\/a><br>Irene-Mihaela IONESCU, Delia-Mioara POPESCU<\/p>\n\n\n\n<p><a href=\"https:\/\/drive.google.com\/file\/d\/1hfZ2x0Us3xHvVXQL0PlKp7XComI-eNeu\/view?usp=sharing\">Debats actuels et perspective de la responsabilite societale des entreprises a Madagascar<\/a><br>Ekobary-Laurent ANDRIATAHINA, Blanche-Nirina RICHARD<\/p>\n\n\n\n<p><a href=\"https:\/\/drive.google.com\/file\/d\/1y63h81wldiNjogLUrhpklIT40pvvB0AY\/view?usp=sharing\">Associations de pr\u00e9-collecte de dechets et promotion de l\u2019economie circulaire. Le cas du quartier biyem-assi (Yaounde Vi)<\/a><br>Ndam ILIASSOU, Stephanie-Mylere NDZINA<\/p>\n\n\n\n<p><a href=\"https:\/\/drive.google.com\/file\/d\/1kPBDilzYB2m7ipORLe_U4sTVihpeYLmw\/view?usp=sharing\">A short analysis of human resource motivation in education<\/a><br>Andreea-Elena LUNGU, Mircea-Constantin DUIC\u0102, \u0218tefan-Lauren\u021biu PRAHOVEANU<\/p>\n\n\n\n<p><a href=\"https:\/\/drive.google.com\/file\/d\/1VlumJncod_wmvOVuCt-7EqblHPEovIFu\/view?usp=sharing\">Website\u2019 role for the development of smes. Romania versus the EU<\/a><br>Vinko KANDZIJA, Laura MARCU, Gabriel CUCUI, Maria TOMA<\/p>\n\n\n\n<p><a href=\"https:\/\/drive.google.com\/file\/d\/1Kggkd1TA7IhsmeHjW06y_swsfWP2vi_2\/view?usp=sharing\">From accounting data to strategic insights: the dashboard approach to performance evaluation<\/a><br>Sandra-Elena MARINESCU, Constantin-Adrian BANU, Dan-Marius COMAN<\/p>\n\n\n\n<p><a href=\"https:\/\/drive.google.com\/file\/d\/1arG_wMv6UQaXBMEtLsTGF_VQYb06VeS9\/view?usp=sharing\">State aid for innovation and sustainable energy in the European Union: Framework, instruments and Romanian evidence<\/a><br>Alina-Ioana ALEXANDRU (NICOLAESCU), Constan\u021ba POPESCU<\/p>\n\n\n\n<p><a href=\"https:\/\/drive.google.com\/file\/d\/1Q6OwlQO_VxHe4amH43k15ZV4GPHzMCbl\/view?usp=sharing\" data-type=\"link\" data-id=\"https:\/\/drive.google.com\/file\/d\/1Q6OwlQO_VxHe4amH43k15ZV4GPHzMCbl\/view?usp=sharing\">The relation between leadership process and performance in the military organization<\/a><br>Maria-Iuliana NICU-TEBEIC\u0102<\/p>\n\n\n\n<p><a href=\"https:\/\/drive.google.com\/file\/d\/1pvHXAUUh76NhhucxwV2zZD-TvfYrXHtS\/view?usp=sharing\">The evolution of the SME sector in Romania and its prospects<\/a><br>Ion P\u00c2RGARU, Oana-Camelia IACOB (P\u00c2RGARU), Radu-Florin CHIOTAN, C\u0103lin-Bogdan CHIOTAN<\/p>\n\n\n\n<p><a href=\"https:\/\/drive.google.com\/file\/d\/10Dhrz_DsQKIj3VCSqpw5HObXwuFVS1lw\/view?usp=sharing\">An advanced risk analysis of public procurement: using artificial intelligence\u2013based risk metrics for contract-splitting detection and modeling by isolation forest algorithm<\/a><br>Teodora-Nicoleta PLE\u0218A, Iulian MISERCIU, Silvia-Elena IACOB, Iliodor-Tiberiu PLE\u0218A<\/p>\n\n\n\n<p><a href=\"https:\/\/drive.google.com\/file\/d\/1E7Vz6nfEfFBDqB5CajNZUY-ooXlzx6el\/view?usp=sharing\">Indirect taxation in Romania \u2013 fiscal challenges and sustainable solutions in the current economic context<\/a><br>Larisa-Elena PREDA, Violeta-Elena DR\u0102GOI, Ileana-Iulia ISTUDOR, Florina MOCANU<\/p>\n\n\n\n<p><a href=\"https:\/\/drive.google.com\/file\/d\/1QckvsVNK-h2_Udw8izIM_-wTNBY6x_2t\/view?usp=sharing\">Integrate projects AIMED at access to education \u2013 from local initiatives to regional and national educational strategies<\/a><br>George PUIU, Mircea-Constantin DUIC\u0102<\/p>\n\n\n\n<p><a href=\"https:\/\/drive.google.com\/file\/d\/1nmB9cxJI0vkUtkCEfprRFBEB0Gm2xhA-\/view?usp=sharing\">Coping strategies used by police officers in the organizational socialization process<\/a><br>Constan\u021ba POPESCU, Loredana-Mihaela R\u00ceNJEA<\/p>\n\n\n\n<p><a href=\"https:\/\/drive.google.com\/file\/d\/1Z5_JImrc2Gpwi05iRin4aqaUW5KxeUNP\/view?usp=sharing\">Employee job satisfaction<\/a><br>C\u0103t\u0103lina-Loredana ROGOZEANU (DR\u0102GHIA), Delia-Mioara POPESCU, Cezar BRAICU, Elena-Cibela NEAGU<\/p>\n\n\n\n<p><a href=\"https:\/\/drive.google.com\/file\/d\/1p-_CAsrZdC8gRpkniJrefv2iD7-N0T7H\/view?usp=sharing\">The influence of teaching staff on the performance of the educational unit \u2013 analysis carried out at the level of educational units in Buz\u0103u county, Romania<\/a><br>Andreea-Elena STANCIU (PETRO\u0218EL), Mihaela-Carmen MUNTEAN<\/p>\n\n\n\n<p><a href=\"https:\/\/drive.google.com\/file\/d\/1zNH5a-m0y0mtWn16oSOgQU0qgzCQsqEJ\/view?usp=sharing\">Invitational leadership and self-determination theory: creating a motivational environment for learning and growth<\/a><br>Corina VEDEANU, Ion STEG\u0102ROIU<\/p>\n\n\n\n<p><\/p>\n","protected":false},"excerpt":{"rendered":"<p>Copert\u0103CuprinsImpact of digitalization on corruption risk management in the Romanian Ministry of Internal AffairsIrina-Maria R\u0102DUCANU (ONCESCU) Ani\u0219oara DUIC\u0102 Integration of social responsibility principles into sustainable management strategies in RomaniaMaria-Alicia BUCUR (NISTORESCU), George-Gabriel NISTORESCU The impact of digitalization on customer communication in the banking sectorOvidiu-Andrei-Cristian BUZOIANU, Florina BRAN, Dumitru-Alexandru BODISLAV, Cristina DIMA Interpreting budgetary signals in [&hellip;]<\/p>\n","protected":false},"author":2,"featured_media":0,"parent":0,"menu_order":0,"comment_status":"closed","ping_status":"closed","template":"","meta":{"footnotes":""},"class_list":["post-405","page","type-page","status-publish","hentry"],"_links":{"self":[{"href":"https:\/\/giks.valahia.ro\/index.php\/wp-json\/wp\/v2\/pages\/405","targetHints":{"allow":["GET"]}}],"collection":[{"href":"https:\/\/giks.valahia.ro\/index.php\/wp-json\/wp\/v2\/pages"}],"about":[{"href":"https:\/\/giks.valahia.ro\/index.php\/wp-json\/wp\/v2\/types\/page"}],"author":[{"embeddable":true,"href":"https:\/\/giks.valahia.ro\/index.php\/wp-json\/wp\/v2\/users\/2"}],"replies":[{"embeddable":true,"href":"https:\/\/giks.valahia.ro\/index.php\/wp-json\/wp\/v2\/comments?post=405"}],"version-history":[{"count":1,"href":"https:\/\/giks.valahia.ro\/index.php\/wp-json\/wp\/v2\/pages\/405\/revisions"}],"predecessor-version":[{"id":406,"href":"https:\/\/giks.valahia.ro\/index.php\/wp-json\/wp\/v2\/pages\/405\/revisions\/406"}],"wp:attachment":[{"href":"https:\/\/giks.valahia.ro\/index.php\/wp-json\/wp\/v2\/media?parent=405"}],"curies":[{"name":"wp","href":"https:\/\/api.w.org\/{rel}","templated":true}]}}